{"id":35,"date":"2024-12-11T14:20:08","date_gmt":"2024-12-11T17:20:08","guid":{"rendered":"https:\/\/linkspremiumevolua.com.br\/maislinda\/?page_id=35"},"modified":"2024-12-11T14:22:33","modified_gmt":"2024-12-11T17:22:33","slug":"links-premium","status":"publish","type":"page","link":"https:\/\/linkspremiumevolua.com.br\/maislinda\/","title":{"rendered":"Links premium"},"content":{"rendered":"\t\t<div data-elementor-type=\"wp-page\" data-elementor-id=\"35\" class=\"elementor elementor-35\">\n\t\t\t\t<div class=\"elementor-element elementor-element-286d4281 e-flex e-con-boxed e-con e-parent\" data-id=\"286d4281\" data-element_type=\"container\" data-settings=\"{&quot;background_background&quot;:&quot;classic&quot;}\">\n\t\t\t\t\t<div class=\"e-con-inner\">\n\t\t\t\t<div class=\"elementor-element elementor-element-6f4c462d elementor-widget__width-initial elementor-invisible elementor-widget elementor-widget-image\" data-id=\"6f4c462d\" data-element_type=\"widget\" data-settings=\"{&quot;_animation&quot;:&quot;fadeInDown&quot;}\" data-widget_type=\"image.default\">\n\t\t\t\t<div class=\"elementor-widget-container\">\n\t\t\t\t\t\t\t\t\t\t\t\t\t<img fetchpriority=\"high\" decoding=\"async\" width=\"712\" height=\"540\" src=\"https:\/\/linkspremiumevolua.com.br\/maislinda\/wp-content\/uploads\/2024\/12\/LOGO-MAIS-LINDA-Branca.webp\" class=\"attachment-large size-large wp-image-10\" alt=\"\" srcset=\"https:\/\/linkspremiumevolua.com.br\/maislinda\/wp-content\/uploads\/2024\/12\/LOGO-MAIS-LINDA-Branca.webp 712w, https:\/\/linkspremiumevolua.com.br\/maislinda\/wp-content\/uploads\/2024\/12\/LOGO-MAIS-LINDA-Branca-300x228.webp 300w\" sizes=\"(max-width: 712px) 100vw, 712px\" \/>\t\t\t\t\t\t\t\t\t\t\t\t\t<\/div>\n\t\t\t\t<\/div>\n\t\t\t\t<div class=\"elementor-element elementor-element-7ecd8e34 elementor-widget__width-inherit elementor-invisible elementor-widget elementor-widget-heading\" data-id=\"7ecd8e34\" data-element_type=\"widget\" data-settings=\"{&quot;_animation&quot;:&quot;zoomIn&quot;}\" data-widget_type=\"heading.default\">\n\t\t\t\t<div class=\"elementor-widget-container\">\n\t\t\t<h2 class=\"elementor-heading-title elementor-size-default\">Ol\u00e1, Sejam<\/h2>\t\t<\/div>\n\t\t\t\t<\/div>\n\t\t\t\t<div class=\"elementor-element elementor-element-79c7b30e elementor-widget__width-inherit elementor-invisible elementor-widget elementor-widget-heading\" data-id=\"79c7b30e\" data-element_type=\"widget\" data-settings=\"{&quot;_animation&quot;:&quot;zoomIn&quot;}\" data-widget_type=\"heading.default\">\n\t\t\t\t<div class=\"elementor-widget-container\">\n\t\t\t<h2 class=\"elementor-heading-title elementor-size-default\">Bem-vindos!<\/h2>\t\t<\/div>\n\t\t\t\t<\/div>\n\t\t\t\t<div class=\"elementor-element elementor-element-71a507b2 elementor-widget__width-initial elementor-widget-mobile__width-inherit elementor-invisible elementor-widget elementor-widget-text-editor\" data-id=\"71a507b2\" data-element_type=\"widget\" data-settings=\"{&quot;_animation&quot;:&quot;zoomIn&quot;}\" data-widget_type=\"text-editor.default\">\n\t\t\t\t<div class=\"elementor-widget-container\">\n\t\t\t\t\t\t\t<p>Confira abaixo alguns links que ir\u00e3o te ajudar.<\/p>\t\t\t\t\t\t<\/div>\n\t\t\t\t<\/div>\n\t\t\t\t\t<\/div>\n\t\t\t\t<\/div>\n\t\t<div class=\"elementor-element elementor-element-6414b6c8 e-flex e-con-boxed e-con e-parent\" data-id=\"6414b6c8\" data-element_type=\"container\">\n\t\t\t\t\t<div class=\"e-con-inner\">\n\t\t\t\t<div class=\"elementor-element elementor-element-77b2f36f elementor-widget__width-inherit elementor-invisible elementor-widget elementor-widget-image\" data-id=\"77b2f36f\" data-element_type=\"widget\" data-settings=\"{&quot;_animation&quot;:&quot;zoomIn&quot;}\" data-widget_type=\"image.default\">\n\t\t\t\t<div class=\"elementor-widget-container\">\n\t\t\t\t\t\t\t\t\t\t\t\t\t\t<a href=\"https:\/\/wa.me\/5564993306828?text=Ol%C3%A1!%20Seja%20bem-vindo%20a%20Mais%20Linda%20!%20Meu%20nome%20%C3%A9%20Sabrina%20.%20Como%20posso%20ajudar?\" target=\"_blank\">\n\t\t\t\t\t\t\t<img decoding=\"async\" width=\"800\" height=\"242\" src=\"https:\/\/linkspremiumevolua.com.br\/maislinda\/wp-content\/uploads\/2024\/12\/VENDEDORA-SABRINA-copy.webp\" class=\"attachment-large size-large wp-image-12\" alt=\"\" srcset=\"https:\/\/linkspremiumevolua.com.br\/maislinda\/wp-content\/uploads\/2024\/12\/VENDEDORA-SABRINA-copy.webp 1000w, https:\/\/linkspremiumevolua.com.br\/maislinda\/wp-content\/uploads\/2024\/12\/VENDEDORA-SABRINA-copy-300x91.webp 300w, https:\/\/linkspremiumevolua.com.br\/maislinda\/wp-content\/uploads\/2024\/12\/VENDEDORA-SABRINA-copy-768x233.webp 768w\" sizes=\"(max-width: 800px) 100vw, 800px\" \/>\t\t\t\t\t\t\t\t<\/a>\n\t\t\t\t\t\t\t\t\t\t\t\t\t<\/div>\n\t\t\t\t<\/div>\n\t\t\t\t<div class=\"elementor-element elementor-element-4cfd0a9d elementor-widget__width-inherit elementor-invisible elementor-widget elementor-widget-image\" data-id=\"4cfd0a9d\" data-element_type=\"widget\" data-settings=\"{&quot;_animation&quot;:&quot;zoomIn&quot;}\" data-widget_type=\"image.default\">\n\t\t\t\t<div class=\"elementor-widget-container\">\n\t\t\t\t\t\t\t\t\t\t\t\t\t\t<a href=\"https:\/\/wa.me\/5564993013504\" target=\"_blank\">\n\t\t\t\t\t\t\t<img decoding=\"async\" width=\"800\" height=\"242\" src=\"https:\/\/linkspremiumevolua.com.br\/maislinda\/wp-content\/uploads\/2024\/12\/VENDEDORA-MILENA-copy.webp\" class=\"attachment-large size-large wp-image-13\" alt=\"\" srcset=\"https:\/\/linkspremiumevolua.com.br\/maislinda\/wp-content\/uploads\/2024\/12\/VENDEDORA-MILENA-copy.webp 1000w, https:\/\/linkspremiumevolua.com.br\/maislinda\/wp-content\/uploads\/2024\/12\/VENDEDORA-MILENA-copy-300x91.webp 300w, https:\/\/linkspremiumevolua.com.br\/maislinda\/wp-content\/uploads\/2024\/12\/VENDEDORA-MILENA-copy-768x233.webp 768w\" sizes=\"(max-width: 800px) 100vw, 800px\" \/>\t\t\t\t\t\t\t\t<\/a>\n\t\t\t\t\t\t\t\t\t\t\t\t\t<\/div>\n\t\t\t\t<\/div>\n\t\t\t\t<div class=\"elementor-element elementor-element-7b0d2ea1 elementor-widget__width-inherit elementor-invisible elementor-widget elementor-widget-image\" data-id=\"7b0d2ea1\" data-element_type=\"widget\" data-settings=\"{&quot;_animation&quot;:&quot;zoomIn&quot;}\" data-widget_type=\"image.default\">\n\t\t\t\t<div class=\"elementor-widget-container\">\n\t\t\t\t\t\t\t\t\t\t\t\t\t\t<a href=\"https:\/\/wa.me\/5564992813894?text=Ol%C3%A1%20%F0%9F%91%8B%F0%9F%8F%BB%20seja%20bem-vinda%20\" target=\"_blank\">\n\t\t\t\t\t\t\t<img loading=\"lazy\" decoding=\"async\" width=\"800\" height=\"242\" src=\"https:\/\/linkspremiumevolua.com.br\/maislinda\/wp-content\/uploads\/2024\/12\/VENDEDORA-Amanda-copy-1-scaled-1-1024x310.webp\" class=\"attachment-large size-large wp-image-14\" alt=\"\" srcset=\"https:\/\/linkspremiumevolua.com.br\/maislinda\/wp-content\/uploads\/2024\/12\/VENDEDORA-Amanda-copy-1-scaled-1-1024x310.webp 1024w, https:\/\/linkspremiumevolua.com.br\/maislinda\/wp-content\/uploads\/2024\/12\/VENDEDORA-Amanda-copy-1-scaled-1-300x91.webp 300w, https:\/\/linkspremiumevolua.com.br\/maislinda\/wp-content\/uploads\/2024\/12\/VENDEDORA-Amanda-copy-1-scaled-1-768x233.webp 768w, https:\/\/linkspremiumevolua.com.br\/maislinda\/wp-content\/uploads\/2024\/12\/VENDEDORA-Amanda-copy-1-scaled-1-1536x466.webp 1536w, https:\/\/linkspremiumevolua.com.br\/maislinda\/wp-content\/uploads\/2024\/12\/VENDEDORA-Amanda-copy-1-scaled-1-2048x621.webp 2048w\" sizes=\"(max-width: 800px) 100vw, 800px\" \/>\t\t\t\t\t\t\t\t<\/a>\n\t\t\t\t\t\t\t\t\t\t\t\t\t<\/div>\n\t\t\t\t<\/div>\n\t\t\t\t<div class=\"elementor-element elementor-element-68a6431f elementor-widget__width-inherit elementor-invisible elementor-widget elementor-widget-image\" data-id=\"68a6431f\" data-element_type=\"widget\" data-settings=\"{&quot;_animation&quot;:&quot;zoomIn&quot;}\" data-widget_type=\"image.default\">\n\t\t\t\t<div class=\"elementor-widget-container\">\n\t\t\t\t\t\t\t\t\t\t\t\t\t\t<a href=\"https:\/\/vcmaislinda.com.br\/\" target=\"_blank\">\n\t\t\t\t\t\t\t<img loading=\"lazy\" decoding=\"async\" width=\"800\" height=\"242\" src=\"https:\/\/linkspremiumevolua.com.br\/maislinda\/wp-content\/uploads\/2024\/12\/LOJA-VIRTUAL-copy.webp\" class=\"attachment-large size-large wp-image-15\" alt=\"\" srcset=\"https:\/\/linkspremiumevolua.com.br\/maislinda\/wp-content\/uploads\/2024\/12\/LOJA-VIRTUAL-copy.webp 1000w, https:\/\/linkspremiumevolua.com.br\/maislinda\/wp-content\/uploads\/2024\/12\/LOJA-VIRTUAL-copy-300x91.webp 300w, https:\/\/linkspremiumevolua.com.br\/maislinda\/wp-content\/uploads\/2024\/12\/LOJA-VIRTUAL-copy-768x233.webp 768w\" sizes=\"(max-width: 800px) 100vw, 800px\" \/>\t\t\t\t\t\t\t\t<\/a>\n\t\t\t\t\t\t\t\t\t\t\t\t\t<\/div>\n\t\t\t\t<\/div>\n\t\t\t\t<div class=\"elementor-element elementor-element-4f5f88fe elementor-widget__width-inherit elementor-invisible elementor-widget elementor-widget-image\" data-id=\"4f5f88fe\" data-element_type=\"widget\" data-settings=\"{&quot;_animation&quot;:&quot;zoomIn&quot;}\" data-widget_type=\"image.default\">\n\t\t\t\t<div class=\"elementor-widget-container\">\n\t\t\t\t\t\t\t\t\t\t\t\t\t\t<a href=\"https:\/\/www.instagram.com\/stories\/maisliindaa\" target=\"_blank\">\n\t\t\t\t\t\t\t<img loading=\"lazy\" decoding=\"async\" width=\"800\" height=\"242\" src=\"https:\/\/linkspremiumevolua.com.br\/maislinda\/wp-content\/uploads\/2024\/12\/INTAGRAM-copy.webp\" class=\"attachment-large size-large wp-image-16\" alt=\"\" srcset=\"https:\/\/linkspremiumevolua.com.br\/maislinda\/wp-content\/uploads\/2024\/12\/INTAGRAM-copy.webp 1000w, https:\/\/linkspremiumevolua.com.br\/maislinda\/wp-content\/uploads\/2024\/12\/INTAGRAM-copy-300x91.webp 300w, https:\/\/linkspremiumevolua.com.br\/maislinda\/wp-content\/uploads\/2024\/12\/INTAGRAM-copy-768x233.webp 768w\" sizes=\"(max-width: 800px) 100vw, 800px\" \/>\t\t\t\t\t\t\t\t<\/a>\n\t\t\t\t\t\t\t\t\t\t\t\t\t<\/div>\n\t\t\t\t<\/div>\n\t\t\t\t<div class=\"elementor-element elementor-element-1b16d1b8 elementor-widget__width-inherit elementor-invisible elementor-widget elementor-widget-image\" data-id=\"1b16d1b8\" data-element_type=\"widget\" data-settings=\"{&quot;_animation&quot;:&quot;zoomIn&quot;}\" data-widget_type=\"image.default\">\n\t\t\t\t<div class=\"elementor-widget-container\">\n\t\t\t\t\t\t\t\t\t\t\t\t\t\t<a href=\"https:\/\/www.tiktok.com\/@maisliindaa?_t=8s4dwMdscA1&#038;_r=1\" target=\"_blank\">\n\t\t\t\t\t\t\t<img loading=\"lazy\" decoding=\"async\" width=\"800\" height=\"242\" src=\"https:\/\/linkspremiumevolua.com.br\/maislinda\/wp-content\/uploads\/2024\/12\/TIKTOK-copy.webp\" class=\"attachment-large size-large wp-image-17\" alt=\"\" srcset=\"https:\/\/linkspremiumevolua.com.br\/maislinda\/wp-content\/uploads\/2024\/12\/TIKTOK-copy.webp 1000w, https:\/\/linkspremiumevolua.com.br\/maislinda\/wp-content\/uploads\/2024\/12\/TIKTOK-copy-300x91.webp 300w, https:\/\/linkspremiumevolua.com.br\/maislinda\/wp-content\/uploads\/2024\/12\/TIKTOK-copy-768x233.webp 768w\" sizes=\"(max-width: 800px) 100vw, 800px\" \/>\t\t\t\t\t\t\t\t<\/a>\n\t\t\t\t\t\t\t\t\t\t\t\t\t<\/div>\n\t\t\t\t<\/div>\n\t\t\t\t<div class=\"elementor-element elementor-element-73421820 elementor-widget__width-inherit elementor-invisible elementor-widget elementor-widget-image\" data-id=\"73421820\" data-element_type=\"widget\" data-settings=\"{&quot;_animation&quot;:&quot;zoomIn&quot;}\" data-widget_type=\"image.default\">\n\t\t\t\t<div class=\"elementor-widget-container\">\n\t\t\t\t\t\t\t\t\t\t\t\t\t\t<a href=\"https:\/\/wa.link\/t4m8ow\" target=\"_blank\">\n\t\t\t\t\t\t\t<img loading=\"lazy\" decoding=\"async\" width=\"800\" height=\"242\" src=\"https:\/\/linkspremiumevolua.com.br\/maislinda\/wp-content\/uploads\/2024\/12\/CONTATO-copy.webp\" class=\"attachment-large size-large wp-image-18\" alt=\"\" srcset=\"https:\/\/linkspremiumevolua.com.br\/maislinda\/wp-content\/uploads\/2024\/12\/CONTATO-copy.webp 1000w, https:\/\/linkspremiumevolua.com.br\/maislinda\/wp-content\/uploads\/2024\/12\/CONTATO-copy-300x91.webp 300w, https:\/\/linkspremiumevolua.com.br\/maislinda\/wp-content\/uploads\/2024\/12\/CONTATO-copy-768x233.webp 768w\" sizes=\"(max-width: 800px) 100vw, 800px\" \/>\t\t\t\t\t\t\t\t<\/a>\n\t\t\t\t\t\t\t\t\t\t\t\t\t<\/div>\n\t\t\t\t<\/div>\n\t\t\t\t<div class=\"elementor-element elementor-element-18ced44 elementor-widget__width-inherit elementor-invisible elementor-widget elementor-widget-image\" data-id=\"18ced44\" data-element_type=\"widget\" data-settings=\"{&quot;_animation&quot;:&quot;zoomIn&quot;}\" data-widget_type=\"image.default\">\n\t\t\t\t<div class=\"elementor-widget-container\">\n\t\t\t\t\t\t\t\t\t\t\t\t\t\t<a href=\"https:\/\/www.google.com\/maps\/place\/17%C2%B044&#039;23.9%22S+48%C2%B037&#039;24.9%22W\/@-17.7399693,-48.6261482,17z\/data=!3m1!4b1!4m4!3m3!8m2!3d-17.7399693!4d-48.6235733?hl=pt-BR&#038;entry=ttu&#038;g_ep=EgoyMDI0MTIwNC4wIKXMDSoASAFQAw%3D%3D\" target=\"_blank\">\n\t\t\t\t\t\t\t<img loading=\"lazy\" decoding=\"async\" width=\"800\" height=\"242\" src=\"https:\/\/linkspremiumevolua.com.br\/maislinda\/wp-content\/uploads\/2024\/12\/LOCALIZACAO-copy.webp\" class=\"attachment-large size-large wp-image-19\" alt=\"\" srcset=\"https:\/\/linkspremiumevolua.com.br\/maislinda\/wp-content\/uploads\/2024\/12\/LOCALIZACAO-copy.webp 1000w, https:\/\/linkspremiumevolua.com.br\/maislinda\/wp-content\/uploads\/2024\/12\/LOCALIZACAO-copy-300x91.webp 300w, https:\/\/linkspremiumevolua.com.br\/maislinda\/wp-content\/uploads\/2024\/12\/LOCALIZACAO-copy-768x233.webp 768w\" sizes=\"(max-width: 800px) 100vw, 800px\" \/>\t\t\t\t\t\t\t\t<\/a>\n\t\t\t\t\t\t\t\t\t\t\t\t\t<\/div>\n\t\t\t\t<\/div>\n\t\t\t\t\t<\/div>\n\t\t\t\t<\/div>\n\t\t<div class=\"elementor-element elementor-element-8f9c0ad e-flex e-con-boxed e-con e-parent\" data-id=\"8f9c0ad\" data-element_type=\"container\" data-settings=\"{&quot;background_background&quot;:&quot;classic&quot;}\">\n\t\t\t\t\t<div class=\"e-con-inner\">\n\t\t\t\t<div class=\"elementor-element elementor-element-4709d582 elementor-widget-mobile__width-inherit elementor-widget__width-initial elementor-invisible elementor-widget elementor-widget-image-box\" data-id=\"4709d582\" data-element_type=\"widget\" data-settings=\"{&quot;_animation&quot;:&quot;fadeInLeft&quot;}\" data-widget_type=\"image-box.default\">\n\t\t\t\t<div class=\"elementor-widget-container\">\n\t\t\t<div class=\"elementor-image-box-wrapper\"><div class=\"elementor-image-box-content\"><h3 class=\"elementor-image-box-title\">Conhe\u00e7a nossas pe\u00e7as <\/h3><p class=\"elementor-image-box-description\">Descubra qualidade, estilo e exclusividade em cada detalhe. As pe\u00e7as perfeitas para voc\u00ea se destacar!<\/p><\/div><\/div>\t\t<\/div>\n\t\t\t\t<\/div>\n\t\t\t\t<div class=\"elementor-element elementor-element-19e23633 elementor-widget__width-initial elementor-invisible elementor-widget elementor-widget-image-carousel\" data-id=\"19e23633\" data-element_type=\"widget\" data-settings=\"{&quot;slides_to_show&quot;:&quot;2&quot;,&quot;lazyload&quot;:&quot;yes&quot;,&quot;autoplay_speed&quot;:0,&quot;speed&quot;:5000,&quot;slides_to_show_mobile&quot;:&quot;1&quot;,&quot;navigation&quot;:&quot;none&quot;,&quot;_animation&quot;:&quot;fadeInRight&quot;,&quot;autoplay&quot;:&quot;yes&quot;,&quot;pause_on_hover&quot;:&quot;yes&quot;,&quot;pause_on_interaction&quot;:&quot;yes&quot;,&quot;infinite&quot;:&quot;yes&quot;,&quot;image_spacing_custom&quot;:{&quot;unit&quot;:&quot;px&quot;,&quot;size&quot;:20,&quot;sizes&quot;:[]},&quot;image_spacing_custom_tablet&quot;:{&quot;unit&quot;:&quot;px&quot;,&quot;size&quot;:&quot;&quot;,&quot;sizes&quot;:[]}}\" data-widget_type=\"image-carousel.default\">\n\t\t\t\t<div class=\"elementor-widget-container\">\n\t\t\t\t\t<div class=\"elementor-image-carousel-wrapper swiper\" dir=\"ltr\">\n\t\t\t<div class=\"elementor-image-carousel swiper-wrapper\" aria-live=\"off\">\n\t\t\t\t\t\t\t\t<div class=\"swiper-slide\" role=\"group\" aria-roledescription=\"slide\" aria-label=\"1 de 8\"><figure class=\"swiper-slide-inner\"><img class=\"swiper-slide-image swiper-lazy\" data-src=\"https:\/\/linkspremiumevolua.com.br\/maislinda\/wp-content\/uploads\/2024\/12\/01-1.webp\" alt=\"01-1.webp\" \/><div class=\"swiper-lazy-preloader\"><\/div><\/figure><\/div><div class=\"swiper-slide\" role=\"group\" aria-roledescription=\"slide\" aria-label=\"2 de 8\"><figure class=\"swiper-slide-inner\"><img class=\"swiper-slide-image swiper-lazy\" data-src=\"https:\/\/linkspremiumevolua.com.br\/maislinda\/wp-content\/uploads\/2024\/12\/02-1.webp\" alt=\"02-1.webp\" \/><div class=\"swiper-lazy-preloader\"><\/div><\/figure><\/div><div class=\"swiper-slide\" role=\"group\" aria-roledescription=\"slide\" aria-label=\"3 de 8\"><figure class=\"swiper-slide-inner\"><img class=\"swiper-slide-image swiper-lazy\" data-src=\"https:\/\/linkspremiumevolua.com.br\/maislinda\/wp-content\/uploads\/2024\/12\/03-1.webp\" alt=\"03-1.webp\" \/><div class=\"swiper-lazy-preloader\"><\/div><\/figure><\/div><div class=\"swiper-slide\" role=\"group\" aria-roledescription=\"slide\" aria-label=\"4 de 8\"><figure class=\"swiper-slide-inner\"><img class=\"swiper-slide-image swiper-lazy\" data-src=\"https:\/\/linkspremiumevolua.com.br\/maislinda\/wp-content\/uploads\/2024\/12\/04-1.webp\" alt=\"04-1.webp\" \/><div class=\"swiper-lazy-preloader\"><\/div><\/figure><\/div><div class=\"swiper-slide\" role=\"group\" aria-roledescription=\"slide\" aria-label=\"5 de 8\"><figure class=\"swiper-slide-inner\"><img class=\"swiper-slide-image swiper-lazy\" data-src=\"https:\/\/linkspremiumevolua.com.br\/maislinda\/wp-content\/uploads\/2024\/12\/05-1.webp\" alt=\"05-1.webp\" \/><div class=\"swiper-lazy-preloader\"><\/div><\/figure><\/div><div class=\"swiper-slide\" role=\"group\" aria-roledescription=\"slide\" aria-label=\"6 de 8\"><figure class=\"swiper-slide-inner\"><img class=\"swiper-slide-image swiper-lazy\" data-src=\"https:\/\/linkspremiumevolua.com.br\/maislinda\/wp-content\/uploads\/2024\/12\/06-1.webp\" alt=\"06-1.webp\" \/><div class=\"swiper-lazy-preloader\"><\/div><\/figure><\/div><div class=\"swiper-slide\" role=\"group\" aria-roledescription=\"slide\" aria-label=\"7 de 8\"><figure class=\"swiper-slide-inner\"><img class=\"swiper-slide-image swiper-lazy\" data-src=\"https:\/\/linkspremiumevolua.com.br\/maislinda\/wp-content\/uploads\/2024\/12\/07.webp\" alt=\"07.webp\" \/><div class=\"swiper-lazy-preloader\"><\/div><\/figure><\/div><div class=\"swiper-slide\" role=\"group\" aria-roledescription=\"slide\" aria-label=\"8 de 8\"><figure class=\"swiper-slide-inner\"><img class=\"swiper-slide-image swiper-lazy\" data-src=\"https:\/\/linkspremiumevolua.com.br\/maislinda\/wp-content\/uploads\/2024\/12\/08.webp\" alt=\"08.webp\" \/><div class=\"swiper-lazy-preloader\"><\/div><\/figure><\/div>\t\t\t<\/div>\n\t\t\t\t\t\t\t\n\t\t\t\t\t\t\t\t\t<\/div>\n\t\t\t\t<\/div>\n\t\t\t\t<\/div>\n\t\t\t\t\t<\/div>\n\t\t\t\t<\/div>\n\t\t<div class=\"elementor-element elementor-element-2134eb8e e-flex e-con-boxed e-con e-parent\" data-id=\"2134eb8e\" data-element_type=\"container\">\n\t\t\t\t\t<div class=\"e-con-inner\">\n\t\t\t\t<div class=\"elementor-element elementor-element-6a69c43 elementor-widget__width-initial elementor-widget-mobile__width-inherit elementor-invisible elementor-widget elementor-widget-image\" data-id=\"6a69c43\" data-element_type=\"widget\" data-settings=\"{&quot;_animation&quot;:&quot;fadeInLeft&quot;}\" data-widget_type=\"image.default\">\n\t\t\t\t<div class=\"elementor-widget-container\">\n\t\t\t\t\t\t\t\t\t\t\t\t\t<img loading=\"lazy\" decoding=\"async\" width=\"629\" height=\"421\" src=\"https:\/\/linkspremiumevolua.com.br\/maislinda\/wp-content\/uploads\/2024\/12\/QUEM-SOMOS-copy.webp\" class=\"attachment-large size-large wp-image-28\" alt=\"\" srcset=\"https:\/\/linkspremiumevolua.com.br\/maislinda\/wp-content\/uploads\/2024\/12\/QUEM-SOMOS-copy.webp 629w, https:\/\/linkspremiumevolua.com.br\/maislinda\/wp-content\/uploads\/2024\/12\/QUEM-SOMOS-copy-300x201.webp 300w\" sizes=\"(max-width: 629px) 100vw, 629px\" \/>\t\t\t\t\t\t\t\t\t\t\t\t\t<\/div>\n\t\t\t\t<\/div>\n\t\t<div class=\"elementor-element elementor-element-7304a45b e-con-full e-flex elementor-invisible e-con e-child\" data-id=\"7304a45b\" data-element_type=\"container\" data-settings=\"{&quot;animation&quot;:&quot;fadeInRight&quot;}\">\n\t\t\t\t<div class=\"elementor-element elementor-element-55fee1c elementor-widget elementor-widget-heading\" data-id=\"55fee1c\" data-element_type=\"widget\" data-widget_type=\"heading.default\">\n\t\t\t\t<div class=\"elementor-widget-container\">\n\t\t\t<h2 class=\"elementor-heading-title elementor-size-default\">Quem somos<\/h2>\t\t<\/div>\n\t\t\t\t<\/div>\n\t\t\t\t<div class=\"elementor-element elementor-element-586a2e60 elementor-widget elementor-widget-text-editor\" data-id=\"586a2e60\" data-element_type=\"widget\" data-widget_type=\"text-editor.default\">\n\t\t\t\t<div class=\"elementor-widget-container\">\n\t\t\t\t\t\t\t<p>A Mais Linda nasceu em 2021, em Caldas Novas, com a miss\u00e3o de trazer estilo, beleza e confian\u00e7a para cada mulher que passa por aqui. Nossa loja \u00e9 especializada em modinha feminina, com pe\u00e7as cuidadosamente selecionadas para atender aos mais variados gostos e ocasi\u00f5es.<br \/>Cada detalhe \u00e9 pensado com carinho, desde a escolha das pe\u00e7as \u2014 sempre modernas e cheias de personalidade \u2014 at\u00e9 o atendimento, que \u00e9 nossa prioridade. Queremos que voc\u00ea se sinta especial, seja visitando nossa loja f\u00edsica ou comprando na nossa loja on-line, com entrega para todo o Brasil.<br \/>Aqui na Mais Linda, cada cliente \u00e9 \u00fanica, e nosso prop\u00f3sito \u00e9 te ajudar a se sentir ainda mais linda todos os dias! \ud83d\udc95<br \/>Venha conferir nossas novidades e se surpreender com a qualidade e estilo que oferecemos. \ud83d\udc96<\/p>\t\t\t\t\t\t<\/div>\n\t\t\t\t<\/div>\n\t\t\t\t<div class=\"elementor-element elementor-element-66b69847 elementor-icon-list--layout-inline elementor-mobile-align-left elementor-list-item-link-full_width elementor-widget elementor-widget-icon-list\" data-id=\"66b69847\" data-element_type=\"widget\" data-widget_type=\"icon-list.default\">\n\t\t\t\t<div class=\"elementor-widget-container\">\n\t\t\t\t\t<ul class=\"elementor-icon-list-items elementor-inline-items\">\n\t\t\t\t\t\t\t<li class=\"elementor-icon-list-item elementor-inline-item\">\n\t\t\t\t\t\t\t\t\t\t\t<span class=\"elementor-icon-list-icon\">\n\t\t\t\t\t\t\t<i aria-hidden=\"true\" class=\"huge huge-location-06\"><\/i>\t\t\t\t\t\t<\/span>\n\t\t\t\t\t\t\t\t\t\t<span class=\"elementor-icon-list-text\">Rua: Pedro Branco de Souza Qd 10 Lt 2 R - Sala 1, Centro \u2013 Caldas Novas-GO - Pr\u00f3ximo a Churrascaria Picanha na Brasa \u2013 Cep: 75.680-017<\/span>\n\t\t\t\t\t\t\t\t\t<\/li>\n\t\t\t\t\t\t<\/ul>\n\t\t\t\t<\/div>\n\t\t\t\t<\/div>\n\t\t\t\t<\/div>\n\t\t\t\t\t<\/div>\n\t\t\t\t<\/div>\n\t\t<div class=\"elementor-element elementor-element-4b677b7b e-flex e-con-boxed e-con e-parent\" data-id=\"4b677b7b\" data-element_type=\"container\" data-settings=\"{&quot;background_background&quot;:&quot;classic&quot;}\">\n\t\t\t\t\t<div class=\"e-con-inner\">\n\t\t\t\t<div class=\"elementor-element elementor-element-f90e5e8 elementor-widget elementor-widget-text-editor\" data-id=\"f90e5e8\" data-element_type=\"widget\" data-widget_type=\"text-editor.default\">\n\t\t\t\t<div class=\"elementor-widget-container\">\n\t\t\t\t\t\t\t<p>Evolua Mentoria 2024 \u00a9 &#8211; Todos os Direitos Reservados<\/p>\t\t\t\t\t\t<\/div>\n\t\t\t\t<\/div>\n\t\t\t\t<div class=\"elementor-element elementor-element-55142dc9 elementor-widget-mobile__width-inherit elementor-widget elementor-widget-text-editor\" data-id=\"55142dc9\" data-element_type=\"widget\" data-widget_type=\"text-editor.default\">\n\t\t\t\t<div class=\"elementor-widget-container\">\n\t\t\t\t\t\t\t<p>Desenvolvido pela <a href=\"https:\/\/evoluamentoria.com.br\" target=\"_blank\" rel=\"noopener\">Evolua Mentoria<\/a><\/p>\t\t\t\t\t\t<\/div>\n\t\t\t\t<\/div>\n\t\t\t\t\t<\/div>\n\t\t\t\t<\/div>\n\t\t\t\t<\/div>\n\t\t","protected":false},"excerpt":{"rendered":"<p>Ol\u00e1, Sejam Bem-vindos! Confira abaixo alguns links que ir\u00e3o te ajudar. Conhe\u00e7a nossas pe\u00e7as Descubra qualidade, estilo e exclusividade em cada detalhe. As pe\u00e7as perfeitas para voc\u00ea se destacar! Quem somos A Mais Linda nasceu em 2021, em Caldas Novas, com a miss\u00e3o de trazer estilo, beleza e confian\u00e7a para cada mulher que passa por aqui. Nossa loja \u00e9 especializada em modinha feminina, com pe\u00e7as cuidadosamente selecionadas para atender aos mais variados gostos e ocasi\u00f5es.Cada detalhe \u00e9 pensado com carinho, desde a escolha das pe\u00e7as \u2014 sempre modernas e cheias de personalidade \u2014 at\u00e9 o atendimento, que \u00e9 nossa prioridade. Queremos que voc\u00ea se sinta especial, seja visitando nossa loja f\u00edsica ou comprando na nossa loja on-line, com entrega para todo o Brasil.Aqui na Mais Linda, cada cliente \u00e9 \u00fanica, e nosso prop\u00f3sito \u00e9 te ajudar a se sentir ainda mais linda todos os dias! \ud83d\udc95Venha conferir nossas novidades e se surpreender com a qualidade e estilo que oferecemos. \ud83d\udc96 Rua: Pedro Branco de Souza Qd 10 Lt 2 R &#8211; Sala 1, Centro \u2013 Caldas Novas-GO &#8211; Pr\u00f3ximo a Churrascaria Picanha na Brasa \u2013 Cep: 75.680-017 Evolua Mentoria 2024 \u00a9 &#8211; Todos os Direitos Reservados Desenvolvido pela Evolua Mentoria<\/p>\n","protected":false},"author":1,"featured_media":0,"parent":0,"menu_order":0,"comment_status":"closed","ping_status":"closed","template":"elementor_canvas","meta":{"footnotes":""},"class_list":["post-35","page","type-page","status-publish","hentry"],"_links":{"self":[{"href":"https:\/\/linkspremiumevolua.com.br\/maislinda\/wp-json\/wp\/v2\/pages\/35","targetHints":{"allow":["GET"]}}],"collection":[{"href":"https:\/\/linkspremiumevolua.com.br\/maislinda\/wp-json\/wp\/v2\/pages"}],"about":[{"href":"https:\/\/linkspremiumevolua.com.br\/maislinda\/wp-json\/wp\/v2\/types\/page"}],"author":[{"embeddable":true,"href":"https:\/\/linkspremiumevolua.com.br\/maislinda\/wp-json\/wp\/v2\/users\/1"}],"replies":[{"embeddable":true,"href":"https:\/\/linkspremiumevolua.com.br\/maislinda\/wp-json\/wp\/v2\/comments?post=35"}],"version-history":[{"count":16,"href":"https:\/\/linkspremiumevolua.com.br\/maislinda\/wp-json\/wp\/v2\/pages\/35\/revisions"}],"predecessor-version":[{"id":59,"href":"https:\/\/linkspremiumevolua.com.br\/maislinda\/wp-json\/wp\/v2\/pages\/35\/revisions\/59"}],"wp:attachment":[{"href":"https:\/\/linkspremiumevolua.com.br\/maislinda\/wp-json\/wp\/v2\/media?parent=35"}],"curies":[{"name":"wp","href":"https:\/\/api.w.org\/{rel}","templated":true}]}}