{"id":10,"date":"2024-12-18T16:05:39","date_gmt":"2024-12-18T19:05:39","guid":{"rendered":"https:\/\/linkspremiumevolua.com.br\/sampa\/?page_id=10"},"modified":"2025-02-24T11:49:09","modified_gmt":"2025-02-24T14:49:09","slug":"links-premium","status":"publish","type":"page","link":"https:\/\/linkspremiumevolua.com.br\/simplifique\/","title":{"rendered":"Links Premium"},"content":{"rendered":"\t\t<div data-elementor-type=\"wp-page\" data-elementor-id=\"10\" class=\"elementor elementor-10\">\n\t\t\t\t<div class=\"elementor-element elementor-element-5d4e848b e-flex e-con-boxed wpr-equal-height-no e-con e-parent\" data-id=\"5d4e848b\" data-element_type=\"container\" data-e-type=\"container\" data-settings=\"{&quot;background_background&quot;:&quot;classic&quot;}\">\n\t\t\t\t\t<div class=\"e-con-inner\">\n\t\t\t\t<div class=\"elementor-element elementor-element-1580b3ad elementor-widget__width-initial elementor-invisible elementor-widget elementor-widget-image\" data-id=\"1580b3ad\" data-element_type=\"widget\" data-e-type=\"widget\" data-settings=\"{&quot;_animation&quot;:&quot;fadeInDown&quot;}\" data-widget_type=\"image.default\">\n\t\t\t\t<div class=\"elementor-widget-container\">\n\t\t\t\t\t\t\t\t\t\t\t\t\t\t\t<img fetchpriority=\"high\" decoding=\"async\" width=\"678\" height=\"626\" src=\"https:\/\/linkspremiumevolua.com.br\/simplifique\/wp-content\/uploads\/2025\/01\/IMG-20240515-WA0052.webp\" class=\"attachment-large size-large wp-image-190\" alt=\"\" srcset=\"https:\/\/linkspremiumevolua.com.br\/simplifique\/wp-content\/uploads\/2025\/01\/IMG-20240515-WA0052.webp 678w, https:\/\/linkspremiumevolua.com.br\/simplifique\/wp-content\/uploads\/2025\/01\/IMG-20240515-WA0052-300x277.webp 300w\" sizes=\"(max-width: 678px) 100vw, 678px\" \/>\t\t\t\t\t\t\t\t\t\t\t\t\t\t\t<\/div>\n\t\t\t\t<\/div>\n\t\t\t\t<div class=\"elementor-element elementor-element-b1721fc elementor-widget__width-inherit elementor-invisible elementor-widget elementor-widget-heading\" data-id=\"b1721fc\" data-element_type=\"widget\" data-e-type=\"widget\" data-settings=\"{&quot;_animation&quot;:&quot;zoomIn&quot;}\" data-widget_type=\"heading.default\">\n\t\t\t\t<div class=\"elementor-widget-container\">\n\t\t\t\t\t<h2 class=\"elementor-heading-title elementor-size-default\">Ol\u00e1, Sejam<\/h2>\t\t\t\t<\/div>\n\t\t\t\t<\/div>\n\t\t\t\t<div class=\"elementor-element elementor-element-42cb39ce elementor-widget__width-inherit elementor-invisible elementor-widget elementor-widget-heading\" data-id=\"42cb39ce\" data-element_type=\"widget\" data-e-type=\"widget\" data-settings=\"{&quot;_animation&quot;:&quot;zoomIn&quot;}\" data-widget_type=\"heading.default\">\n\t\t\t\t<div class=\"elementor-widget-container\">\n\t\t\t\t\t<h2 class=\"elementor-heading-title elementor-size-default\">Bem-vindos!<\/h2>\t\t\t\t<\/div>\n\t\t\t\t<\/div>\n\t\t\t\t<div class=\"elementor-element elementor-element-1f668a3f elementor-widget__width-inherit elementor-widget-mobile__width-inherit elementor-invisible elementor-widget elementor-widget-text-editor\" data-id=\"1f668a3f\" data-element_type=\"widget\" data-e-type=\"widget\" data-settings=\"{&quot;_animation&quot;:&quot;zoomIn&quot;}\" data-widget_type=\"text-editor.default\">\n\t\t\t\t<div class=\"elementor-widget-container\">\n\t\t\t\t\t\t\t\t\t<p>Confira abaixo alguns links que ir\u00e3o te ajudar.<\/p>\t\t\t\t\t\t\t\t<\/div>\n\t\t\t\t<\/div>\n\t\t\t\t<div class=\"elementor-element elementor-element-706a6aa5 elementor-view-default elementor-invisible elementor-widget elementor-widget-icon\" data-id=\"706a6aa5\" data-element_type=\"widget\" data-e-type=\"widget\" data-settings=\"{&quot;_animation&quot;:&quot;zoomIn&quot;}\" data-widget_type=\"icon.default\">\n\t\t\t\t<div class=\"elementor-widget-container\">\n\t\t\t\t\t\t\t<div class=\"elementor-icon-wrapper\">\n\t\t\t<div class=\"elementor-icon\">\n\t\t\t<svg xmlns=\"http:\/\/www.w3.org\/2000\/svg\" height=\"512\" viewBox=\"0 0 24 24\" width=\"512\"><g id=\"Layer_2\" data-name=\"Layer 2\"><path d=\"m12 1a11 11 0 1 0 11 11 11.013 11.013 0 0 0 -11-11zm5.707 9.707-5 5a1 1 0 0 1 -1.414 0l-5-5a1 1 0 0 1 1.414-1.414l4.293 4.293 4.293-4.293a1 1 0 0 1 1.414 1.414z\"><\/path><\/g><\/svg>\t\t\t<\/div>\n\t\t<\/div>\n\t\t\t\t\t\t<\/div>\n\t\t\t\t<\/div>\n\t\t\t\t\t<\/div>\n\t\t\t\t<\/div>\n\t\t<div class=\"elementor-element elementor-element-407ca813 e-flex e-con-boxed wpr-equal-height-no e-con e-parent\" data-id=\"407ca813\" data-element_type=\"container\" data-e-type=\"container\" data-settings=\"{&quot;background_background&quot;:&quot;classic&quot;}\">\n\t\t\t\t\t<div class=\"e-con-inner\">\n\t\t\t\t<div class=\"elementor-element elementor-element-b834c05 elementor-widget__width-inherit elementor-invisible elementor-widget elementor-widget-image\" data-id=\"b834c05\" data-element_type=\"widget\" data-e-type=\"widget\" data-settings=\"{&quot;_animation&quot;:&quot;zoomIn&quot;}\" data-widget_type=\"image.default\">\n\t\t\t\t<div class=\"elementor-widget-container\">\n\t\t\t\t\t\t\t\t\t\t\t\t\t\t\t\t<a href=\"https:\/\/wa.me\/5547920022464?text=Quero%20contratar%20servi%C3%A7os\" target=\"_blank\">\n\t\t\t\t\t\t\t<img decoding=\"async\" width=\"2560\" height=\"776\" src=\"https:\/\/linkspremiumevolua.com.br\/simplifique\/wp-content\/uploads\/2025\/01\/QUERO-CONTRATAR-SERVICOS-copiar-scaled.webp\" class=\"attachment-full size-full wp-image-189\" alt=\"\" srcset=\"https:\/\/linkspremiumevolua.com.br\/simplifique\/wp-content\/uploads\/2025\/01\/QUERO-CONTRATAR-SERVICOS-copiar-scaled.webp 2560w, https:\/\/linkspremiumevolua.com.br\/simplifique\/wp-content\/uploads\/2025\/01\/QUERO-CONTRATAR-SERVICOS-copiar-300x91.webp 300w, https:\/\/linkspremiumevolua.com.br\/simplifique\/wp-content\/uploads\/2025\/01\/QUERO-CONTRATAR-SERVICOS-copiar-1024x310.webp 1024w, https:\/\/linkspremiumevolua.com.br\/simplifique\/wp-content\/uploads\/2025\/01\/QUERO-CONTRATAR-SERVICOS-copiar-768x233.webp 768w, https:\/\/linkspremiumevolua.com.br\/simplifique\/wp-content\/uploads\/2025\/01\/QUERO-CONTRATAR-SERVICOS-copiar-1536x465.webp 1536w, https:\/\/linkspremiumevolua.com.br\/simplifique\/wp-content\/uploads\/2025\/01\/QUERO-CONTRATAR-SERVICOS-copiar-2048x621.webp 2048w\" sizes=\"(max-width: 2560px) 100vw, 2560px\" \/>\t\t\t\t\t\t\t\t<\/a>\n\t\t\t\t\t\t\t\t\t\t\t\t\t\t\t<\/div>\n\t\t\t\t<\/div>\n\t\t\t\t<div class=\"elementor-element elementor-element-7d0c84e elementor-widget__width-inherit elementor-invisible elementor-widget elementor-widget-image\" data-id=\"7d0c84e\" data-element_type=\"widget\" data-e-type=\"widget\" data-settings=\"{&quot;_animation&quot;:&quot;zoomIn&quot;}\" data-widget_type=\"image.default\">\n\t\t\t\t<div class=\"elementor-widget-container\">\n\t\t\t\t\t\t\t\t\t\t\t\t\t\t\t\t<a href=\"https:\/\/simplifique.marketing\/\" target=\"_blank\">\n\t\t\t\t\t\t\t<img decoding=\"async\" width=\"2560\" height=\"776\" src=\"https:\/\/linkspremiumevolua.com.br\/simplifique\/wp-content\/uploads\/2025\/02\/SITE-copiar-scaled.webp\" class=\"attachment-full size-full wp-image-365\" alt=\"\" srcset=\"https:\/\/linkspremiumevolua.com.br\/simplifique\/wp-content\/uploads\/2025\/02\/SITE-copiar-scaled.webp 2560w, https:\/\/linkspremiumevolua.com.br\/simplifique\/wp-content\/uploads\/2025\/02\/SITE-copiar-300x91.webp 300w, https:\/\/linkspremiumevolua.com.br\/simplifique\/wp-content\/uploads\/2025\/02\/SITE-copiar-1024x310.webp 1024w, https:\/\/linkspremiumevolua.com.br\/simplifique\/wp-content\/uploads\/2025\/02\/SITE-copiar-768x233.webp 768w, https:\/\/linkspremiumevolua.com.br\/simplifique\/wp-content\/uploads\/2025\/02\/SITE-copiar-1536x465.webp 1536w, https:\/\/linkspremiumevolua.com.br\/simplifique\/wp-content\/uploads\/2025\/02\/SITE-copiar-2048x621.webp 2048w\" sizes=\"(max-width: 2560px) 100vw, 2560px\" \/>\t\t\t\t\t\t\t\t<\/a>\n\t\t\t\t\t\t\t\t\t\t\t\t\t\t\t<\/div>\n\t\t\t\t<\/div>\n\t\t\t\t<div class=\"elementor-element elementor-element-253f7385 elementor-widget__width-inherit elementor-invisible elementor-widget elementor-widget-image\" data-id=\"253f7385\" data-element_type=\"widget\" data-e-type=\"widget\" data-settings=\"{&quot;_animation&quot;:&quot;zoomIn&quot;}\" data-widget_type=\"image.default\">\n\t\t\t\t<div class=\"elementor-widget-container\">\n\t\t\t\t\t\t\t\t\t\t\t\t\t\t\t\t<a href=\"https:\/\/www.instagram.com\/jeanramos_mkt?igsh=djZrZDN1MHVwaWkx\" target=\"_blank\">\n\t\t\t\t\t\t\t<img loading=\"lazy\" decoding=\"async\" width=\"2560\" height=\"776\" src=\"https:\/\/linkspremiumevolua.com.br\/simplifique\/wp-content\/uploads\/2025\/01\/sxsx-scaled.webp\" class=\"attachment-full size-full wp-image-265\" alt=\"\" srcset=\"https:\/\/linkspremiumevolua.com.br\/simplifique\/wp-content\/uploads\/2025\/01\/sxsx-scaled.webp 2560w, https:\/\/linkspremiumevolua.com.br\/simplifique\/wp-content\/uploads\/2025\/01\/sxsx-300x91.webp 300w, https:\/\/linkspremiumevolua.com.br\/simplifique\/wp-content\/uploads\/2025\/01\/sxsx-1024x310.webp 1024w, https:\/\/linkspremiumevolua.com.br\/simplifique\/wp-content\/uploads\/2025\/01\/sxsx-768x233.webp 768w, https:\/\/linkspremiumevolua.com.br\/simplifique\/wp-content\/uploads\/2025\/01\/sxsx-1536x465.webp 1536w, https:\/\/linkspremiumevolua.com.br\/simplifique\/wp-content\/uploads\/2025\/01\/sxsx-2048x621.webp 2048w\" sizes=\"(max-width: 2560px) 100vw, 2560px\" \/>\t\t\t\t\t\t\t\t<\/a>\n\t\t\t\t\t\t\t\t\t\t\t\t\t\t\t<\/div>\n\t\t\t\t<\/div>\n\t\t\t\t<div class=\"elementor-element elementor-element-9c35883 elementor-widget__width-inherit elementor-invisible elementor-widget elementor-widget-image\" data-id=\"9c35883\" data-element_type=\"widget\" data-e-type=\"widget\" data-settings=\"{&quot;_animation&quot;:&quot;zoomIn&quot;}\" data-widget_type=\"image.default\">\n\t\t\t\t<div class=\"elementor-widget-container\">\n\t\t\t\t\t\t\t\t\t\t\t\t\t\t\t\t<a href=\"https:\/\/www.facebook.com\/JeanRamosEMartaMaria\" target=\"_blank\">\n\t\t\t\t\t\t\t<img loading=\"lazy\" decoding=\"async\" width=\"2560\" height=\"776\" src=\"https:\/\/linkspremiumevolua.com.br\/simplifique\/wp-content\/uploads\/2025\/01\/FACLEBOOK-copiar-scaled.webp\" class=\"attachment-full size-full wp-image-221\" alt=\"\" srcset=\"https:\/\/linkspremiumevolua.com.br\/simplifique\/wp-content\/uploads\/2025\/01\/FACLEBOOK-copiar-scaled.webp 2560w, https:\/\/linkspremiumevolua.com.br\/simplifique\/wp-content\/uploads\/2025\/01\/FACLEBOOK-copiar-300x91.webp 300w, https:\/\/linkspremiumevolua.com.br\/simplifique\/wp-content\/uploads\/2025\/01\/FACLEBOOK-copiar-1024x310.webp 1024w, https:\/\/linkspremiumevolua.com.br\/simplifique\/wp-content\/uploads\/2025\/01\/FACLEBOOK-copiar-768x233.webp 768w, https:\/\/linkspremiumevolua.com.br\/simplifique\/wp-content\/uploads\/2025\/01\/FACLEBOOK-copiar-1536x465.webp 1536w, https:\/\/linkspremiumevolua.com.br\/simplifique\/wp-content\/uploads\/2025\/01\/FACLEBOOK-copiar-2048x621.webp 2048w\" sizes=\"(max-width: 2560px) 100vw, 2560px\" \/>\t\t\t\t\t\t\t\t<\/a>\n\t\t\t\t\t\t\t\t\t\t\t\t\t\t\t<\/div>\n\t\t\t\t<\/div>\n\t\t\t\t<div class=\"elementor-element elementor-element-fb97c79 elementor-widget__width-inherit elementor-invisible elementor-widget elementor-widget-image\" data-id=\"fb97c79\" data-element_type=\"widget\" data-e-type=\"widget\" data-settings=\"{&quot;_animation&quot;:&quot;zoomIn&quot;}\" data-widget_type=\"image.default\">\n\t\t\t\t<div class=\"elementor-widget-container\">\n\t\t\t\t\t\t\t\t\t\t\t\t\t\t\t\t<a href=\"https:\/\/youtube.com\/@jeanramos1596?si=DQSYuDjDka977lj6\" target=\"_blank\">\n\t\t\t\t\t\t\t<img loading=\"lazy\" decoding=\"async\" width=\"2560\" height=\"776\" src=\"https:\/\/linkspremiumevolua.com.br\/simplifique\/wp-content\/uploads\/2025\/01\/YOUTUBE-copiar-scaled.webp\" class=\"attachment-full size-full wp-image-225\" alt=\"\" srcset=\"https:\/\/linkspremiumevolua.com.br\/simplifique\/wp-content\/uploads\/2025\/01\/YOUTUBE-copiar-scaled.webp 2560w, https:\/\/linkspremiumevolua.com.br\/simplifique\/wp-content\/uploads\/2025\/01\/YOUTUBE-copiar-300x91.webp 300w, https:\/\/linkspremiumevolua.com.br\/simplifique\/wp-content\/uploads\/2025\/01\/YOUTUBE-copiar-1024x310.webp 1024w, https:\/\/linkspremiumevolua.com.br\/simplifique\/wp-content\/uploads\/2025\/01\/YOUTUBE-copiar-768x233.webp 768w, https:\/\/linkspremiumevolua.com.br\/simplifique\/wp-content\/uploads\/2025\/01\/YOUTUBE-copiar-1536x465.webp 1536w, https:\/\/linkspremiumevolua.com.br\/simplifique\/wp-content\/uploads\/2025\/01\/YOUTUBE-copiar-2048x621.webp 2048w\" sizes=\"(max-width: 2560px) 100vw, 2560px\" \/>\t\t\t\t\t\t\t\t<\/a>\n\t\t\t\t\t\t\t\t\t\t\t\t\t\t\t<\/div>\n\t\t\t\t<\/div>\n\t\t\t\t<div class=\"elementor-element elementor-element-b23b5e1 elementor-widget__width-inherit elementor-invisible elementor-widget elementor-widget-image\" data-id=\"b23b5e1\" data-element_type=\"widget\" data-e-type=\"widget\" data-settings=\"{&quot;_animation&quot;:&quot;zoomIn&quot;}\" data-widget_type=\"image.default\">\n\t\t\t\t<div class=\"elementor-widget-container\">\n\t\t\t\t\t\t\t\t\t\t\t\t\t\t\t\t<a href=\"https:\/\/www.tiktok.com\/@jeanramosjm?_t=8sJARxrytkr&#038;_r=1\" target=\"_blank\">\n\t\t\t\t\t\t\t<img loading=\"lazy\" decoding=\"async\" width=\"2560\" height=\"776\" src=\"https:\/\/linkspremiumevolua.com.br\/simplifique\/wp-content\/uploads\/2025\/01\/TIKTOK-1-copiar-scaled.webp\" class=\"attachment-full size-full wp-image-227\" alt=\"\" srcset=\"https:\/\/linkspremiumevolua.com.br\/simplifique\/wp-content\/uploads\/2025\/01\/TIKTOK-1-copiar-scaled.webp 2560w, https:\/\/linkspremiumevolua.com.br\/simplifique\/wp-content\/uploads\/2025\/01\/TIKTOK-1-copiar-300x91.webp 300w, https:\/\/linkspremiumevolua.com.br\/simplifique\/wp-content\/uploads\/2025\/01\/TIKTOK-1-copiar-1024x310.webp 1024w, https:\/\/linkspremiumevolua.com.br\/simplifique\/wp-content\/uploads\/2025\/01\/TIKTOK-1-copiar-768x233.webp 768w, https:\/\/linkspremiumevolua.com.br\/simplifique\/wp-content\/uploads\/2025\/01\/TIKTOK-1-copiar-1536x465.webp 1536w, https:\/\/linkspremiumevolua.com.br\/simplifique\/wp-content\/uploads\/2025\/01\/TIKTOK-1-copiar-2048x621.webp 2048w\" sizes=\"(max-width: 2560px) 100vw, 2560px\" \/>\t\t\t\t\t\t\t\t<\/a>\n\t\t\t\t\t\t\t\t\t\t\t\t\t\t\t<\/div>\n\t\t\t\t<\/div>\n\t\t\t\t<div class=\"elementor-element elementor-element-30b048f0 elementor-widget__width-inherit elementor-invisible elementor-widget elementor-widget-image\" data-id=\"30b048f0\" data-element_type=\"widget\" data-e-type=\"widget\" data-settings=\"{&quot;_animation&quot;:&quot;zoomIn&quot;}\" data-widget_type=\"image.default\">\n\t\t\t\t<div class=\"elementor-widget-container\">\n\t\t\t\t\t\t\t\t\t\t\t\t\t\t\t\t<a href=\"mailto:simplique.mktdigital@gmail.com\" target=\"_blank\">\n\t\t\t\t\t\t\t<img loading=\"lazy\" decoding=\"async\" width=\"2560\" height=\"776\" src=\"https:\/\/linkspremiumevolua.com.br\/simplifique\/wp-content\/uploads\/2024\/12\/E-MAIL-copy-scaled-1.webp\" class=\"attachment-full size-full wp-image-29\" alt=\"\" srcset=\"https:\/\/linkspremiumevolua.com.br\/simplifique\/wp-content\/uploads\/2024\/12\/E-MAIL-copy-scaled-1.webp 2560w, https:\/\/linkspremiumevolua.com.br\/simplifique\/wp-content\/uploads\/2024\/12\/E-MAIL-copy-scaled-1-300x91.webp 300w, https:\/\/linkspremiumevolua.com.br\/simplifique\/wp-content\/uploads\/2024\/12\/E-MAIL-copy-scaled-1-1024x310.webp 1024w, https:\/\/linkspremiumevolua.com.br\/simplifique\/wp-content\/uploads\/2024\/12\/E-MAIL-copy-scaled-1-768x233.webp 768w, https:\/\/linkspremiumevolua.com.br\/simplifique\/wp-content\/uploads\/2024\/12\/E-MAIL-copy-scaled-1-1536x466.webp 1536w, https:\/\/linkspremiumevolua.com.br\/simplifique\/wp-content\/uploads\/2024\/12\/E-MAIL-copy-scaled-1-2048x621.webp 2048w\" sizes=\"(max-width: 2560px) 100vw, 2560px\" \/>\t\t\t\t\t\t\t\t<\/a>\n\t\t\t\t\t\t\t\t\t\t\t\t\t\t\t<\/div>\n\t\t\t\t<\/div>\n\t\t\t\t\t<\/div>\n\t\t\t\t<\/div>\n\t\t<div class=\"elementor-element elementor-element-ecb9713 e-flex e-con-boxed wpr-equal-height-no e-con e-parent\" data-id=\"ecb9713\" data-element_type=\"container\" data-e-type=\"container\" data-settings=\"{&quot;background_background&quot;:&quot;classic&quot;}\">\n\t\t\t\t\t<div class=\"e-con-inner\">\n\t\t\t\t<div class=\"elementor-element elementor-element-a0f45b9 elementor-widget__width-initial elementor-widget-tablet__width-inherit elementor-vertical-align-top elementor-widget elementor-widget-image-box\" data-id=\"a0f45b9\" data-element_type=\"widget\" data-e-type=\"widget\" data-widget_type=\"image-box.default\">\n\t\t\t\t<div class=\"elementor-widget-container\">\n\t\t\t\t\t<div class=\"elementor-image-box-wrapper\"><div class=\"elementor-image-box-content\"><h3 class=\"elementor-image-box-title\">Conhe\u00e7a alguns dos servi\u00e7os que oferecemos.<\/h3><p class=\"elementor-image-box-description\">J\u00e1 ajudamos milhares de empresas a alavancarem suas vendas online. Podemos ajudar\u00a0a\u00a0sua\u00a0tamb\u00e9m!<\/p><\/div><\/div>\t\t\t\t<\/div>\n\t\t\t\t<\/div>\n\t\t\t\t<div class=\"elementor-element elementor-element-9bd0e9a elementor-widget__width-initial elementor-widget-tablet__width-inherit elementor-invisible elementor-widget elementor-widget-image-carousel\" data-id=\"9bd0e9a\" data-element_type=\"widget\" data-e-type=\"widget\" data-settings=\"{&quot;slides_to_show&quot;:&quot;2&quot;,&quot;lazyload&quot;:&quot;yes&quot;,&quot;autoplay_speed&quot;:0,&quot;speed&quot;:5000,&quot;slides_to_show_mobile&quot;:&quot;1&quot;,&quot;navigation&quot;:&quot;none&quot;,&quot;_animation&quot;:&quot;fadeInRight&quot;,&quot;autoplay&quot;:&quot;yes&quot;,&quot;pause_on_hover&quot;:&quot;yes&quot;,&quot;pause_on_interaction&quot;:&quot;yes&quot;,&quot;infinite&quot;:&quot;yes&quot;,&quot;image_spacing_custom&quot;:{&quot;unit&quot;:&quot;px&quot;,&quot;size&quot;:20,&quot;sizes&quot;:[]},&quot;image_spacing_custom_tablet&quot;:{&quot;unit&quot;:&quot;px&quot;,&quot;size&quot;:&quot;&quot;,&quot;sizes&quot;:[]}}\" data-widget_type=\"image-carousel.default\">\n\t\t\t\t<div class=\"elementor-widget-container\">\n\t\t\t\t\t\t\t<div class=\"elementor-image-carousel-wrapper swiper\" role=\"region\" aria-roledescription=\"carousel\" aria-label=\"Carrossel de imagens\" dir=\"ltr\">\n\t\t\t<div class=\"elementor-image-carousel swiper-wrapper\" aria-live=\"off\">\n\t\t\t\t\t\t\t\t<div class=\"swiper-slide\" role=\"group\" aria-roledescription=\"slide\" aria-label=\"1 de 7\"><figure class=\"swiper-slide-inner\"><img class=\"swiper-slide-image swiper-lazy\" data-src=\"https:\/\/linkspremiumevolua.com.br\/simplifique\/wp-content\/uploads\/2025\/01\/ARTE_11-copiar.webp\" alt=\"ARTE_1[1] copiar\" \/><div class=\"swiper-lazy-preloader\"><\/div><\/figure><\/div><div class=\"swiper-slide\" role=\"group\" aria-roledescription=\"slide\" aria-label=\"2 de 7\"><figure class=\"swiper-slide-inner\"><img class=\"swiper-slide-image swiper-lazy\" data-src=\"https:\/\/linkspremiumevolua.com.br\/simplifique\/wp-content\/uploads\/2025\/01\/ARTE-1-1.png\" alt=\"ARTE 1\" \/><div class=\"swiper-lazy-preloader\"><\/div><\/figure><\/div><div class=\"swiper-slide\" role=\"group\" aria-roledescription=\"slide\" aria-label=\"3 de 7\"><figure class=\"swiper-slide-inner\"><img class=\"swiper-slide-image swiper-lazy\" data-src=\"https:\/\/linkspremiumevolua.com.br\/simplifique\/wp-content\/uploads\/2025\/01\/ARTE-3-copy.webp\" alt=\"ARTE-3-copy.webp\" \/><div class=\"swiper-lazy-preloader\"><\/div><\/figure><\/div><div class=\"swiper-slide\" role=\"group\" aria-roledescription=\"slide\" aria-label=\"4 de 7\"><figure class=\"swiper-slide-inner\"><img class=\"swiper-slide-image swiper-lazy\" data-src=\"https:\/\/linkspremiumevolua.com.br\/simplifique\/wp-content\/uploads\/2025\/01\/ARTE-4-copy.webp\" alt=\"ARTE-4-copy.webp\" \/><div class=\"swiper-lazy-preloader\"><\/div><\/figure><\/div><div class=\"swiper-slide\" role=\"group\" aria-roledescription=\"slide\" aria-label=\"5 de 7\"><figure class=\"swiper-slide-inner\"><img class=\"swiper-slide-image swiper-lazy\" data-src=\"https:\/\/linkspremiumevolua.com.br\/simplifique\/wp-content\/uploads\/2025\/01\/ARTE-5-copy.webp\" alt=\"ARTE-5-copy.webp\" \/><div class=\"swiper-lazy-preloader\"><\/div><\/figure><\/div><div class=\"swiper-slide\" role=\"group\" aria-roledescription=\"slide\" aria-label=\"6 de 7\"><figure class=\"swiper-slide-inner\"><img class=\"swiper-slide-image swiper-lazy\" data-src=\"https:\/\/linkspremiumevolua.com.br\/simplifique\/wp-content\/uploads\/2025\/01\/ARTE-6-copy.webp\" alt=\"ARTE-6-copy.webp\" \/><div class=\"swiper-lazy-preloader\"><\/div><\/figure><\/div><div class=\"swiper-slide\" role=\"group\" aria-roledescription=\"slide\" aria-label=\"7 de 7\"><figure class=\"swiper-slide-inner\"><img class=\"swiper-slide-image swiper-lazy\" data-src=\"https:\/\/linkspremiumevolua.com.br\/simplifique\/wp-content\/uploads\/2025\/01\/ARTE-7-copy.webp\" alt=\"ARTE-7-copy.webp\" \/><div class=\"swiper-lazy-preloader\"><\/div><\/figure><\/div>\t\t\t<\/div>\n\t\t\t\t\t\t\t\n\t\t\t\t\t\t\t\t\t<\/div>\n\t\t\t\t\t\t<\/div>\n\t\t\t\t<\/div>\n\t\t\t\t\t<\/div>\n\t\t\t\t<\/div>\n\t\t<div class=\"elementor-element elementor-element-6a7e1c05 e-flex e-con-boxed wpr-equal-height-no e-con e-parent\" data-id=\"6a7e1c05\" data-element_type=\"container\" data-e-type=\"container\">\n\t\t\t\t\t<div class=\"e-con-inner\">\n\t\t\t\t<div class=\"elementor-element elementor-element-14ae5fec elementor-widget__width-initial elementor-widget-mobile__width-inherit elementor-invisible elementor-widget elementor-widget-image\" data-id=\"14ae5fec\" data-element_type=\"widget\" data-e-type=\"widget\" data-settings=\"{&quot;_animation&quot;:&quot;fadeInLeft&quot;}\" data-widget_type=\"image.default\">\n\t\t\t\t<div class=\"elementor-widget-container\">\n\t\t\t\t\t\t\t\t\t\t\t\t\t\t\t<img loading=\"lazy\" decoding=\"async\" width=\"600\" height=\"399\" src=\"https:\/\/linkspremiumevolua.com.br\/simplifique\/wp-content\/uploads\/2025\/01\/admin-ajax-copiarjuj.webp\" class=\"attachment-large size-large wp-image-301\" alt=\"\" srcset=\"https:\/\/linkspremiumevolua.com.br\/simplifique\/wp-content\/uploads\/2025\/01\/admin-ajax-copiarjuj.webp 600w, https:\/\/linkspremiumevolua.com.br\/simplifique\/wp-content\/uploads\/2025\/01\/admin-ajax-copiarjuj-300x200.webp 300w\" sizes=\"(max-width: 600px) 100vw, 600px\" \/>\t\t\t\t\t\t\t\t\t\t\t\t\t\t\t<\/div>\n\t\t\t\t<\/div>\n\t\t<div class=\"elementor-element elementor-element-7cb66bf0 e-con-full e-flex wpr-equal-height-no elementor-invisible e-con e-child\" data-id=\"7cb66bf0\" data-element_type=\"container\" data-e-type=\"container\" data-settings=\"{&quot;animation&quot;:&quot;fadeInRight&quot;}\">\n\t\t\t\t<div class=\"elementor-element elementor-element-6ba76b16 elementor-widget elementor-widget-heading\" data-id=\"6ba76b16\" data-element_type=\"widget\" data-e-type=\"widget\" data-widget_type=\"heading.default\">\n\t\t\t\t<div class=\"elementor-widget-container\">\n\t\t\t\t\t<h2 class=\"elementor-heading-title elementor-size-default\">Quem somos<\/h2>\t\t\t\t<\/div>\n\t\t\t\t<\/div>\n\t\t\t\t<div class=\"elementor-element elementor-element-6f65ce3f elementor-widget elementor-widget-text-editor\" data-id=\"6f65ce3f\" data-element_type=\"widget\" data-e-type=\"widget\" data-widget_type=\"text-editor.default\">\n\t\t\t\t<div class=\"elementor-widget-container\">\n\t\t\t\t\t\t\t\t\t<p>Fundador e CEO, Jean Ramos transformou sua frustra\u00e7\u00e3o com o mercado de marketing digital em uma miss\u00e3o: criar uma ag\u00eancia que descomplicasse o processo e entregasse resultados reais. Assim nasceu a Simplifique, onde estrat\u00e9gias claras e objetivas substituem a enrola\u00e7\u00e3o e as promessas vazias.<\/p><p>Aqui, o foco est\u00e1 em ajudar voc\u00ea a vender mais e melhor, com solu\u00e7\u00f5es pr\u00e1ticas e acess\u00edveis que realmente fazem a diferen\u00e7a. Na Simplifique, acreditamos que o marketing digital n\u00e3o precisa ser complicado \u2014 precisa ser eficiente.<\/p>\t\t\t\t\t\t\t\t<\/div>\n\t\t\t\t<\/div>\n\t\t\t\t<\/div>\n\t\t\t\t\t<\/div>\n\t\t\t\t<\/div>\n\t\t<div class=\"elementor-element elementor-element-514a1f36 e-flex e-con-boxed wpr-equal-height-no e-con e-parent\" data-id=\"514a1f36\" data-element_type=\"container\" data-e-type=\"container\" data-settings=\"{&quot;background_background&quot;:&quot;classic&quot;}\">\n\t\t\t\t\t<div class=\"e-con-inner\">\n\t\t\t\t<div class=\"elementor-element elementor-element-2e74b393 elementor-widget elementor-widget-text-editor\" data-id=\"2e74b393\" data-element_type=\"widget\" data-e-type=\"widget\" data-widget_type=\"text-editor.default\">\n\t\t\t\t<div class=\"elementor-widget-container\">\n\t\t\t\t\t\t\t\t\t<p>Evolua Mentoria 2025 \u00a9 &#8211; Todos os Direitos Reservados<\/p>\t\t\t\t\t\t\t\t<\/div>\n\t\t\t\t<\/div>\n\t\t\t\t<div class=\"elementor-element elementor-element-40118436 elementor-widget-mobile__width-inherit elementor-widget elementor-widget-text-editor\" data-id=\"40118436\" data-element_type=\"widget\" data-e-type=\"widget\" data-widget_type=\"text-editor.default\">\n\t\t\t\t<div class=\"elementor-widget-container\">\n\t\t\t\t\t\t\t\t\t<p>Desenvolvido pela Evolua Mentoria em parceria com <a href=\"https:\/\/wa.me\/5547920022464?text=Quero%20contratar%20servi%C3%A7os\" target=\"_blank\" rel=\"noopener\">Simplifique<\/a><\/p>\t\t\t\t\t\t\t\t<\/div>\n\t\t\t\t<\/div>\n\t\t\t\t\t<\/div>\n\t\t\t\t<\/div>\n\t\t\t\t<\/div>\n\t\t","protected":false},"excerpt":{"rendered":"<p>Ol\u00e1, Sejam Bem-vindos! Confira abaixo alguns links que ir\u00e3o te ajudar. Conhe\u00e7a alguns dos servi\u00e7os que oferecemos. J\u00e1 ajudamos milhares de empresas a alavancarem suas vendas online. Podemos ajudar\u00a0a\u00a0sua\u00a0tamb\u00e9m! Quem somos Fundador e CEO, Jean Ramos transformou sua frustra\u00e7\u00e3o com o mercado de marketing digital em uma miss\u00e3o: criar uma ag\u00eancia que descomplicasse o processo e entregasse resultados reais. Assim nasceu a Simplifique, onde estrat\u00e9gias claras e objetivas substituem a enrola\u00e7\u00e3o e as promessas vazias. Aqui, o foco est\u00e1 em ajudar voc\u00ea a vender mais e melhor, com solu\u00e7\u00f5es pr\u00e1ticas e acess\u00edveis que realmente fazem a diferen\u00e7a. Na Simplifique, acreditamos que o marketing digital n\u00e3o precisa ser complicado \u2014 precisa ser eficiente. Evolua Mentoria 2025 \u00a9 &#8211; Todos os Direitos Reservados Desenvolvido pela Evolua Mentoria em parceria com Simplifique<\/p>\n","protected":false},"author":1,"featured_media":0,"parent":0,"menu_order":0,"comment_status":"closed","ping_status":"closed","template":"elementor_canvas","meta":{"footnotes":""},"class_list":["post-10","page","type-page","status-publish","hentry"],"_links":{"self":[{"href":"https:\/\/linkspremiumevolua.com.br\/simplifique\/wp-json\/wp\/v2\/pages\/10","targetHints":{"allow":["GET"]}}],"collection":[{"href":"https:\/\/linkspremiumevolua.com.br\/simplifique\/wp-json\/wp\/v2\/pages"}],"about":[{"href":"https:\/\/linkspremiumevolua.com.br\/simplifique\/wp-json\/wp\/v2\/types\/page"}],"author":[{"embeddable":true,"href":"https:\/\/linkspremiumevolua.com.br\/simplifique\/wp-json\/wp\/v2\/users\/1"}],"replies":[{"embeddable":true,"href":"https:\/\/linkspremiumevolua.com.br\/simplifique\/wp-json\/wp\/v2\/comments?post=10"}],"version-history":[{"count":232,"href":"https:\/\/linkspremiumevolua.com.br\/simplifique\/wp-json\/wp\/v2\/pages\/10\/revisions"}],"predecessor-version":[{"id":368,"href":"https:\/\/linkspremiumevolua.com.br\/simplifique\/wp-json\/wp\/v2\/pages\/10\/revisions\/368"}],"wp:attachment":[{"href":"https:\/\/linkspremiumevolua.com.br\/simplifique\/wp-json\/wp\/v2\/media?parent=10"}],"curies":[{"name":"wp","href":"https:\/\/api.w.org\/{rel}","templated":true}]}}